{"id":568,"date":"2025-12-07T14:20:19","date_gmt":"2025-12-07T17:20:19","guid":{"rendered":"https:\/\/landkraftgroup.com\/?page_id=568"},"modified":"2026-04-04T11:36:12","modified_gmt":"2026-04-04T14:36:12","slug":"inversiones-y-desarrollo","status":"publish","type":"page","link":"https:\/\/landkraftgroup.com\/en\/inversiones-y-desarrollo\/","title":{"rendered":"Investments and Development"},"content":{"rendered":"<div data-elementor-type=\"wp-page\" data-elementor-id=\"568\" class=\"elementor elementor-568\" data-elementor-post-type=\"page\">\n\t\t\t\t<div class=\"elementor-element elementor-element-35e95c3 e-flex e-con-boxed e-con e-parent\" data-id=\"35e95c3\" data-element_type=\"container\" data-e-type=\"container\" data-settings=\"{&quot;background_background&quot;:&quot;gradient&quot;}\">\n\t\t\t\t\t<div class=\"e-con-inner\">\n\t\t\t\t<div class=\"elementor-element elementor-element-fd503ec elementor-widget elementor-widget-spacer\" data-id=\"fd503ec\" data-element_type=\"widget\" data-e-type=\"widget\" data-widget_type=\"spacer.default\">\n\t\t\t\t\t\t\t<div class=\"elementor-spacer\">\n\t\t\t<div class=\"elementor-spacer-inner\"><\/div>\n\t\t<\/div>\n\t\t\t\t\t\t<\/div>\n\t\t\t\t<div class=\"elementor-element elementor-element-f4d069c elementor-widget elementor-widget-heading\" data-id=\"f4d069c\" data-element_type=\"widget\" data-e-type=\"widget\" data-widget_type=\"heading.default\">\n\t\t\t\t\t<h2 class=\"elementor-heading-title elementor-size-default\">Investments and Development<\/h2>\t\t\t\t<\/div>\n\t\t\t\t\t<\/div>\n\t\t\t\t<\/div>\n\t\t<div class=\"elementor-element elementor-element-4805708 e-flex e-con-boxed e-con e-parent\" data-id=\"4805708\" data-element_type=\"container\" data-e-type=\"container\">\n\t\t\t\t\t<div class=\"e-con-inner\">\n\t\t\t\t<div class=\"elementor-element elementor-element-7b1e873 elementor-widget elementor-widget-heading\" data-id=\"7b1e873\" data-element_type=\"widget\" data-e-type=\"widget\" data-widget_type=\"heading.default\">\n\t\t\t\t\t<h2 class=\"elementor-heading-title elementor-size-default\">Strategic Investments<\/h2>\t\t\t\t<\/div>\n\t\t\t\t<div class=\"elementor-element elementor-element-8c48b9b elementor-widget elementor-widget-text-editor\" data-id=\"8c48b9b\" data-element_type=\"widget\" data-e-type=\"widget\" data-widget_type=\"text-editor.default\">\n\t\t\t\t\t\t\t\t\t<p><span style=\"font-weight: 400;\">We support agricultural growth by financing projects and startups linked to the sector, equipped with advanced technology.\nOur vision is to drive innovative initiatives that add value to the agro-industrial ecosystem, generating synergies and long-term development opportunities.<\/span><\/p>\t\t\t\t\t\t\t\t<\/div>\n\t\t\t\t\t<\/div>\n\t\t\t\t<\/div>\n\t\t<div class=\"elementor-element elementor-element-f1192fb e-flex e-con-boxed e-con e-parent\" data-id=\"f1192fb\" data-element_type=\"container\" data-e-type=\"container\" data-settings=\"{&quot;background_background&quot;:&quot;classic&quot;}\">\n\t\t\t\t\t<div class=\"e-con-inner\">\n\t\t<div class=\"elementor-element elementor-element-1b6ecd3 e-con-full e-flex e-con e-child\" data-id=\"1b6ecd3\" data-element_type=\"container\" data-e-type=\"container\" data-settings=\"{&quot;background_background&quot;:&quot;classic&quot;}\">\n\t\t\t\t<div class=\"elementor-element elementor-element-9a62b3a elementor-widget elementor-widget-heading\" data-id=\"9a62b3a\" data-element_type=\"widget\" data-e-type=\"widget\" data-widget_type=\"heading.default\">\n\t\t\t\t\t<h2 class=\"elementor-heading-title elementor-size-default\">Agriculture is Opportunity. We Make It Possible.<\/h2>\t\t\t\t<\/div>\n\t\t\t\t<\/div>\n\t\t\t\t\t<\/div>\n\t\t\t\t<\/div>\n\t\t<div class=\"elementor-element elementor-element-f4facb6 e-flex e-con-boxed e-con e-parent\" data-id=\"f4facb6\" data-element_type=\"container\" data-e-type=\"container\">\n\t\t\t\t\t<div class=\"e-con-inner\">\n\t\t\t\t<div class=\"elementor-element elementor-element-e16a982 elementor-hidden-mobile elementor-invisible elementor-widget elementor-widget-image\" data-id=\"e16a982\" data-element_type=\"widget\" data-e-type=\"widget\" data-settings=\"{&quot;_animation&quot;:&quot;fadeInUp&quot;}\" data-widget_type=\"image.default\">\n\t\t\t\t\t\t\t\t\t\t\t\t\t\t\t<img fetchpriority=\"high\" decoding=\"async\" width=\"500\" height=\"223\" src=\"https:\/\/landkraftgroup.com\/wp-content\/uploads\/2025\/12\/ron-riego.webp\" class=\"attachment-large size-large wp-image-138\" alt=\"\" srcset=\"https:\/\/landkraftgroup.com\/wp-content\/uploads\/2025\/12\/ron-riego.webp 500w, https:\/\/landkraftgroup.com\/wp-content\/uploads\/2025\/12\/ron-riego-300x134.webp 300w\" sizes=\"(max-width: 500px) 100vw, 500px\" \/>\t\t\t\t\t\t\t\t\t\t\t\t\t\t\t<\/div>\n\t\t\t\t\t<\/div>\n\t\t\t\t<\/div>\n\t\t<div class=\"elementor-element elementor-element-39435a5 e-flex e-con-boxed e-con e-parent\" data-id=\"39435a5\" data-element_type=\"container\" data-e-type=\"container\" data-settings=\"{&quot;background_background&quot;:&quot;classic&quot;}\">\n\t\t\t\t\t<div class=\"e-con-inner\">\n\t\t<div class=\"elementor-element elementor-element-e7af67f e-con-full animated-slow e-flex elementor-invisible e-con e-child\" data-id=\"e7af67f\" data-element_type=\"container\" data-e-type=\"container\" data-settings=\"{&quot;animation&quot;:&quot;fadeInUp&quot;}\">\n\t\t\t\t<div class=\"elementor-element elementor-element-ae39f70 elementor-widget elementor-widget-video\" data-id=\"ae39f70\" data-element_type=\"widget\" data-e-type=\"widget\" data-settings=\"{&quot;video_type&quot;:&quot;hosted&quot;,&quot;autoplay&quot;:&quot;yes&quot;,&quot;play_on_mobile&quot;:&quot;yes&quot;,&quot;loop&quot;:&quot;yes&quot;,&quot;controls&quot;:&quot;yes&quot;}\" data-widget_type=\"video.default\">\n\t\t\t\t\t\t\t<div class=\"e-hosted-video elementor-wrapper elementor-open-inline\">\n\t\t\t\t\t<video class=\"elementor-video\" src=\"https:\/\/templecreativo.com\/landkraft\/wp-content\/uploads\/2026\/03\/landkraft2.mp4\" autoplay=\"\" loop=\"\" controls=\"\" playsinline=\"\" controlslist=\"nodownload\"><\/video>\n\t\t\t\t<\/div>\n\t\t\t\t\t\t<\/div>\n\t\t\t\t<\/div>\n\t\t<div class=\"elementor-element elementor-element-b4719cd e-con-full animated-slow e-flex elementor-invisible e-con e-child\" data-id=\"b4719cd\" data-element_type=\"container\" data-e-type=\"container\" data-settings=\"{&quot;background_background&quot;:&quot;classic&quot;,&quot;animation&quot;:&quot;fadeInUp&quot;,&quot;animation_delay&quot;:300}\">\n\t\t\t\t<div class=\"elementor-element elementor-element-e91aa38 elementor-widget elementor-widget-heading\" data-id=\"e91aa38\" data-element_type=\"widget\" data-e-type=\"widget\" data-widget_type=\"heading.default\">\n\t\t\t\t\t<h2 class=\"elementor-heading-title elementor-size-default\">NuArg<\/h2>\t\t\t\t<\/div>\n\t\t\t\t<div class=\"elementor-element elementor-element-86876d8 elementor-widget elementor-widget-text-editor\" data-id=\"86876d8\" data-element_type=\"widget\" data-e-type=\"widget\" data-widget_type=\"text-editor.default\">\n\t\t\t\t\t\t\t\t\t<p><span style=\"font-weight: 400;\"><strong>NuArg SA<\/strong>\u00a0is our strategic partner based in Balcarce, Buenos Aires Province. It is the first company in the region fully dedicated to spraying and planting with agricultural drones.<\/span><\/p><p><span style=\"font-weight: 400;\">It is a young company supported by strong professional expertise. Its team includes certified drone and aircraft pilots, continuously trained to ensure high operational safety standards.\nIn agriculture, the company applies precision farming: using multispectral drones, it develops prescription maps, crop health insights, and key data to prevent pests, detect water stress, and identify nutritional needs. This analysis is integrated with applications performed by Agras drones.<\/span><\/p><p><span style=\"font-weight: 400;\"><strong>NuArg SA<\/strong> also contributes to environmental care by reducing water usage and eliminating combustion over crops.<\/span><\/p><p><span style=\"font-weight: 400;\">Drone application offers major advantages for producers: it allows spraying without compacting the soil, maximizes crop use without losing rows, enables field access even when ground conditions are poor, and allows precise, selective applications in flooded areas.<\/span><\/p>\t\t\t\t\t\t\t\t<\/div>\n\t\t\t\t<\/div>\n\t\t\t\t\t<\/div>\n\t\t\t\t<\/div>\n\t\t\t\t<\/div>","protected":false},"excerpt":{"rendered":"<p>Inversiones estrat\u00e9gicas Apostamos al crecimiento del agro a trav\u00e9s del financiamiento de proyectos y startups vinculados al sector, con equipamiento y tecnolog\u00eda de vanguardia. Nuestra visi\u00f3n es impulsar iniciativas innovadoras que aporten valor al ecosistema agroindustrial, generando sinergias y oportunidades de desarrollo a largo plazo. El agro es oportunidad. Nosotros la hacemos posible. https:\/\/landkraftgroup.com\/wp-content\/uploads\/2026\/03\/landkraft2.mp4 NuArg [&hellip;]<\/p>\n","protected":false},"author":1,"featured_media":0,"parent":0,"menu_order":0,"comment_status":"closed","ping_status":"closed","template":"elementor_theme","meta":{"footnotes":""},"class_list":["post-568","page","type-page","status-publish","hentry"],"_links":{"self":[{"href":"https:\/\/landkraftgroup.com\/en\/wp-json\/wp\/v2\/pages\/568","targetHints":{"allow":["GET"]}}],"collection":[{"href":"https:\/\/landkraftgroup.com\/en\/wp-json\/wp\/v2\/pages"}],"about":[{"href":"https:\/\/landkraftgroup.com\/en\/wp-json\/wp\/v2\/types\/page"}],"author":[{"embeddable":true,"href":"https:\/\/landkraftgroup.com\/en\/wp-json\/wp\/v2\/users\/1"}],"replies":[{"embeddable":true,"href":"https:\/\/landkraftgroup.com\/en\/wp-json\/wp\/v2\/comments?post=568"}],"version-history":[{"count":103,"href":"https:\/\/landkraftgroup.com\/en\/wp-json\/wp\/v2\/pages\/568\/revisions"}],"predecessor-version":[{"id":1186,"href":"https:\/\/landkraftgroup.com\/en\/wp-json\/wp\/v2\/pages\/568\/revisions\/1186"}],"wp:attachment":[{"href":"https:\/\/landkraftgroup.com\/en\/wp-json\/wp\/v2\/media?parent=568"}],"curies":[{"name":"wp","href":"https:\/\/api.w.org\/{rel}","templated":true}]}}