{"id":774,"date":"2025-12-20T20:10:17","date_gmt":"2025-12-20T23:10:17","guid":{"rendered":"https:\/\/landkraftgroup.com\/?page_id=774"},"modified":"2026-04-04T11:42:45","modified_gmt":"2026-04-04T14:42:45","slug":"nosotros","status":"publish","type":"page","link":"https:\/\/landkraftgroup.com\/en\/nosotros\/","title":{"rendered":"About Us"},"content":{"rendered":"<div data-elementor-type=\"wp-page\" data-elementor-id=\"774\" class=\"elementor elementor-774\" data-elementor-post-type=\"page\">\n\t\t\t\t<div class=\"elementor-element elementor-element-35e95c3 e-flex e-con-boxed e-con e-parent\" data-id=\"35e95c3\" data-element_type=\"container\" data-e-type=\"container\" data-settings=\"{&quot;background_background&quot;:&quot;gradient&quot;}\">\n\t\t\t\t\t<div class=\"e-con-inner\">\n\t\t\t\t<div class=\"elementor-element elementor-element-fd503ec elementor-widget elementor-widget-spacer\" data-id=\"fd503ec\" data-element_type=\"widget\" data-e-type=\"widget\" data-widget_type=\"spacer.default\">\n\t\t\t\t\t\t\t<div class=\"elementor-spacer\">\n\t\t\t<div class=\"elementor-spacer-inner\"><\/div>\n\t\t<\/div>\n\t\t\t\t\t\t<\/div>\n\t\t\t\t<div class=\"elementor-element elementor-element-f4d069c elementor-widget elementor-widget-heading\" data-id=\"f4d069c\" data-element_type=\"widget\" data-e-type=\"widget\" data-widget_type=\"heading.default\">\n\t\t\t\t\t<h1 class=\"elementor-heading-title elementor-size-default\">About Us<\/h1>\t\t\t\t<\/div>\n\t\t\t\t\t<\/div>\n\t\t\t\t<\/div>\n\t\t<div class=\"elementor-element elementor-element-d7ff8d3 e-flex e-con-boxed e-con e-parent\" data-id=\"d7ff8d3\" data-element_type=\"container\" data-e-type=\"container\">\n\t\t\t\t\t<div class=\"e-con-inner\">\n\t\t<div class=\"elementor-element elementor-element-f1333a6 e-con-full e-flex elementor-invisible e-con e-child\" data-id=\"f1333a6\" data-element_type=\"container\" data-e-type=\"container\" data-settings=\"{&quot;animation&quot;:&quot;fadeIn&quot;}\">\n\t\t\t\t<div class=\"elementor-element elementor-element-8a8317f elementor-widget elementor-widget-heading\" data-id=\"8a8317f\" data-element_type=\"widget\" data-e-type=\"widget\" data-widget_type=\"heading.default\">\n\t\t\t\t\t<h2 class=\"elementor-heading-title elementor-size-default\">Passion for the Land,<\/h2>\t\t\t\t<\/div>\n\t\t\t\t<div class=\"elementor-element elementor-element-19c01a5 elementor-widget elementor-widget-heading\" data-id=\"19c01a5\" data-element_type=\"widget\" data-e-type=\"widget\" data-widget_type=\"heading.default\">\n\t\t\t\t\t<h2 class=\"elementor-heading-title elementor-size-default\">precision in every step<\/h2>\t\t\t\t<\/div>\n\t\t\t\t<div class=\"elementor-element elementor-element-5f6bdb5 elementor-widget elementor-widget-image\" data-id=\"5f6bdb5\" data-element_type=\"widget\" data-e-type=\"widget\" data-widget_type=\"image.default\">\n\t\t\t\t\t\t\t\t\t\t\t\t\t\t\t<img fetchpriority=\"high\" decoding=\"async\" width=\"800\" height=\"457\" src=\"https:\/\/landkraftgroup.com\/wp-content\/uploads\/2025\/12\/slide05-1024x585.png\" class=\"attachment-large size-large wp-image-102\" alt=\"\" srcset=\"https:\/\/landkraftgroup.com\/wp-content\/uploads\/2025\/12\/slide05-1024x585.png 1024w, https:\/\/landkraftgroup.com\/wp-content\/uploads\/2025\/12\/slide05-300x171.png 300w, https:\/\/landkraftgroup.com\/wp-content\/uploads\/2025\/12\/slide05-768x439.png 768w, https:\/\/landkraftgroup.com\/wp-content\/uploads\/2025\/12\/slide05.png 1344w\" sizes=\"(max-width: 800px) 100vw, 800px\" \/>\t\t\t\t\t\t\t\t\t\t\t\t\t\t\t<\/div>\n\t\t\t\t<div class=\"elementor-element elementor-element-45ea242 elementor-widget elementor-widget-text-editor\" data-id=\"45ea242\" data-element_type=\"widget\" data-e-type=\"widget\" data-widget_type=\"text-editor.default\">\n\t\t\t\t\t\t\t\t\t<p>We are an Argentine company dedicated to agro-industrial development, specializing in the potato value chain.<\/p><p>We combine production expertise with technological innovation to make each season more efficient, profitable, and sustainable.<\/p><p>We believe in the power of the land, the value of people, and the importance of doing things right.<\/p>\t\t\t\t\t\t\t\t<\/div>\n\t\t\t\t<\/div>\n\t\t<div class=\"elementor-element elementor-element-3e1df63 e-con-full e-flex e-con e-child\" data-id=\"3e1df63\" data-element_type=\"container\" data-e-type=\"container\">\n\t\t\t\t<div class=\"elementor-element elementor-element-02bee68 elementor-widget elementor-widget-spacer\" data-id=\"02bee68\" data-element_type=\"widget\" data-e-type=\"widget\" data-widget_type=\"spacer.default\">\n\t\t\t\t\t\t\t<div class=\"elementor-spacer\">\n\t\t\t<div class=\"elementor-spacer-inner\"><\/div>\n\t\t<\/div>\n\t\t\t\t\t\t<\/div>\n\t\t<div class=\"elementor-element elementor-element-98fef96 e-con-full e-flex elementor-invisible e-con e-child\" data-id=\"98fef96\" data-element_type=\"container\" data-e-type=\"container\" data-settings=\"{&quot;background_background&quot;:&quot;classic&quot;,&quot;animation&quot;:&quot;slideInDown&quot;}\">\n\t\t\t\t<div class=\"elementor-element elementor-element-496be06 elementor-widget elementor-widget-heading\" data-id=\"496be06\" data-element_type=\"widget\" data-e-type=\"widget\" data-widget_type=\"heading.default\">\n\t\t\t\t\t<h2 class=\"elementor-heading-title elementor-size-default\">Mission<\/h2>\t\t\t\t<\/div>\n\t\t\t\t<div class=\"elementor-element elementor-element-8439a6a elementor-widget elementor-widget-text-editor\" data-id=\"8439a6a\" data-element_type=\"widget\" data-e-type=\"widget\" data-widget_type=\"text-editor.default\">\n\t\t\t\t\t\t\t\t\t<p>To enhance farm profitability through sustainable innovation, building long-term relationships based on trust.<\/p>\t\t\t\t\t\t\t\t<\/div>\n\t\t\t\t<\/div>\n\t\t<div class=\"elementor-element elementor-element-5102400 e-con-full e-flex elementor-invisible e-con e-child\" data-id=\"5102400\" data-element_type=\"container\" data-e-type=\"container\" data-settings=\"{&quot;background_background&quot;:&quot;classic&quot;,&quot;animation&quot;:&quot;slideInDown&quot;,&quot;animation_delay&quot;:200}\">\n\t\t\t\t<div class=\"elementor-element elementor-element-6b41c3a elementor-widget elementor-widget-heading\" data-id=\"6b41c3a\" data-element_type=\"widget\" data-e-type=\"widget\" data-widget_type=\"heading.default\">\n\t\t\t\t\t<h2 class=\"elementor-heading-title elementor-size-default\">Vision<\/h2>\t\t\t\t<\/div>\n\t\t\t\t<div class=\"elementor-element elementor-element-d2f53b7 elementor-widget elementor-widget-text-editor\" data-id=\"d2f53b7\" data-element_type=\"widget\" data-e-type=\"widget\" data-widget_type=\"text-editor.default\">\n\t\t\t\t\t\t\t\t\t<p>To lead the sustainable transformation of Argentine agriculture by integrating innovation and responsibility for conscious, long-lasting productive development.<\/p>\t\t\t\t\t\t\t\t<\/div>\n\t\t\t\t<\/div>\n\t\t\t\t<\/div>\n\t\t\t\t\t<\/div>\n\t\t\t\t<\/div>\n\t\t\t\t<\/div>","protected":false},"excerpt":{"rendered":"<p>Pasi\u00f3n por la tierra, precisi\u00f3n en cada paso Somos una empresa argentina dedicada al desarrollo agroindustrial, especializados en la cadena de valor de la papa. Combinamos experiencia en producci\u00f3n con innovaci\u00f3n tecnol\u00f3gica para que cada campa\u00f1a sea m\u00e1s eficiente, rentable y sustentable. Creemos en la fuerza de la tierra, en el valor de las personas [&hellip;]<\/p>\n","protected":false},"author":1,"featured_media":0,"parent":0,"menu_order":0,"comment_status":"closed","ping_status":"closed","template":"elementor_theme","meta":{"footnotes":""},"class_list":["post-774","page","type-page","status-publish","hentry"],"_links":{"self":[{"href":"https:\/\/landkraftgroup.com\/en\/wp-json\/wp\/v2\/pages\/774","targetHints":{"allow":["GET"]}}],"collection":[{"href":"https:\/\/landkraftgroup.com\/en\/wp-json\/wp\/v2\/pages"}],"about":[{"href":"https:\/\/landkraftgroup.com\/en\/wp-json\/wp\/v2\/types\/page"}],"author":[{"embeddable":true,"href":"https:\/\/landkraftgroup.com\/en\/wp-json\/wp\/v2\/users\/1"}],"replies":[{"embeddable":true,"href":"https:\/\/landkraftgroup.com\/en\/wp-json\/wp\/v2\/comments?post=774"}],"version-history":[{"count":28,"href":"https:\/\/landkraftgroup.com\/en\/wp-json\/wp\/v2\/pages\/774\/revisions"}],"predecessor-version":[{"id":1201,"href":"https:\/\/landkraftgroup.com\/en\/wp-json\/wp\/v2\/pages\/774\/revisions\/1201"}],"wp:attachment":[{"href":"https:\/\/landkraftgroup.com\/en\/wp-json\/wp\/v2\/media?parent=774"}],"curies":[{"name":"wp","href":"https:\/\/api.w.org\/{rel}","templated":true}]}}